{"id":1071,"date":"2016-08-01T00:10:06","date_gmt":"2016-07-31T22:10:06","guid":{"rendered":"https:\/\/www.tnttparis.fr\/?page_id=1071"},"modified":"2020-12-01T18:14:13","modified_gmt":"2020-12-01T17:14:13","slug":"ban-chat","status":"publish","type":"page","link":"https:\/\/www.tnttparis.fr\/vi\/","title":{"rendered":"TNTT Paris"},"content":{"rendered":"<h1 style=\"text-align: center;\"><a href=\"https:\/\/www.tnttparis.fr\/wp-content\/uploads\/2020\/12\/thumbnail_Logo-Doan-4.0.png\"><img loading=\"lazy\" decoding=\"async\" class=\"alignnone size-medium wp-image-4707\" src=\"https:\/\/www.tnttparis.fr\/wp-content\/uploads\/2020\/12\/thumbnail_Logo-Doan-4.0-300x300.png\" alt=\"\" width=\"300\" height=\"300\" srcset=\"https:\/\/www.tnttparis.fr\/wp-content\/uploads\/2020\/12\/thumbnail_Logo-Doan-4.0-300x300.png 300w, https:\/\/www.tnttparis.fr\/wp-content\/uploads\/2020\/12\/thumbnail_Logo-Doan-4.0-1024x1024.png 1024w, https:\/\/www.tnttparis.fr\/wp-content\/uploads\/2020\/12\/thumbnail_Logo-Doan-4.0-150x150.png 150w, https:\/\/www.tnttparis.fr\/wp-content\/uploads\/2020\/12\/thumbnail_Logo-Doan-4.0-768x768.png 768w, https:\/\/www.tnttparis.fr\/wp-content\/uploads\/2020\/12\/thumbnail_Logo-Doan-4.0-270x270.png 270w, https:\/\/www.tnttparis.fr\/wp-content\/uploads\/2020\/12\/thumbnail_Logo-Doan-4.0.png 1280w\" sizes=\"(max-width: 300px) 100vw, 300px\" \/><\/a><\/h1>\n<h1 style=\"text-align: center;\"><\/h1>\n<hr \/>\n<h1 style=\"text-align: center;\"><span style=\"font-family: 'book antiqua', palatino, serif; color: #00d100;\"><strong>M\u1ee5c \u00d0\u00edch<\/strong><\/span><\/h1>\n<p style=\"text-align: center;\">\u00a0\u00d0\u00e0o luy\u1ec7n thanh thi\u1ebfu ni\u00ean tr\u1edf th\u00e0nh nh\u1eefng con ng\u01b0\u1eddi ki\u1ec7n to\u00e0n v\u00e0 nh\u1eefng Kit\u00f4 H\u1eefu ho\u00e0n h\u1ea3o<\/p>\n<p style=\"text-align: center;\">\u00a0\u00d0o\u00e0n Ng\u0169 h\u00f3a v\u00e0 h\u01b0\u1edbng d\u1eabn thanh thi\u1ebfu ni\u00ean loan truy\u1ec1n Tin M\u1eebng Ch\u00faa Kit\u00f4 v\u00e0 g\u00f3p ph\u1ea7n x\u00e2y d\u1ef1ng x\u00e3 h\u1ed9i<\/p>\n<hr \/>\n<h1 style=\"text-align: center;\"><span style=\"color: #0000cc;\"><strong><span style=\"font-family: 'book antiqua', palatino, serif;\">N\u1ec1n T\u1ea3ng<\/span><\/strong><\/span><\/h1>\n<p style=\"text-align: center;\">L\u1eddi Ch\u00faa trong Th\u00e1nh Kinh v\u00e0 Gi\u00e1o Hu\u1ea5n c\u1ee7a Gi\u00e1o H\u1ed9i C\u00f4ng Gi\u00e1o<\/p>\n<hr \/>\n<h1 style=\"text-align: center;\"><span style=\"color: #ffd000;\"><strong><span style=\"font-family: 'book antiqua', palatino, serif;\">L\u00fd T\u01b0\u1edfng<\/span><\/strong><\/span><\/h1>\n<p style=\"text-align: center;\">Ch\u00faa Gi\u00easu Th\u00e1nh Th\u1ec3<\/p>\n<hr \/>\n<h1 style=\"text-align: center;\"><span style=\"color: #d60000;\"><strong><span style=\"font-family: 'book antiqua', palatino, serif;\">T\u00f4n Ch\u1ec9<\/span><\/strong><\/span><\/h1>\n<p style=\"text-align: center;\">S\u1ed1ng L\u1eddi Ch\u00faa v\u00e0 k\u1ebft h\u1ee3p v\u1edbi Ch\u00faa Gi\u00easu Th\u00e1nh Th\u1ec3<\/p>\n<p style=\"text-align: center;\">Y\u00eau m\u1ebfn v\u00e0 t\u00f4n k\u00ednh \u00d0\u1ee9c Maria M\u1eb9 Ch\u00faa C\u1ee9u Th\u1ebf<\/p>\n<p style=\"text-align: center;\">T\u00f4n k\u00ednh c\u00e1c Th\u00e1nh T\u1eed \u00d0\u1ea1o Vi\u1ec7t Nam<\/p>\n<p style=\"text-align: center;\">Y\u00eau m\u1ebfn v\u00e0 v\u00e2ng ph\u1ee5c v\u1ecb \u0111\u1ea1i di\u1ec7n Ch\u00faa Kit\u00f4, l\u00e0 \u00d0\u1ee9c Gi\u00e1o Ho\u00e0ng<\/p>\n<p style=\"text-align: center;\">B\u1ea3o t\u1ed3n v\u00e0 ph\u00e1t huy truy\u1ec1n th\u1ed1ng v\u0103n h\u00f3a d\u00e2n t\u1ed9c Vi\u1ec7t Nam<\/p>\n<p><a href=\"https:\/\/www.tnttparis.fr\/wp-content\/uploads\/2016\/08\/co.jpg\" rel=\"attachment wp-att-1086\"><img loading=\"lazy\" decoding=\"async\" class=\"aligncenter size-medium wp-image-1086\" src=\"https:\/\/www.tnttparis.fr\/wp-content\/uploads\/2016\/08\/co-200x300.jpg\" alt=\"co\" width=\"200\" height=\"300\" srcset=\"https:\/\/www.tnttparis.fr\/wp-content\/uploads\/2016\/08\/co-200x300.jpg 200w, https:\/\/www.tnttparis.fr\/wp-content\/uploads\/2016\/08\/co-768x1151.jpg 768w, https:\/\/www.tnttparis.fr\/wp-content\/uploads\/2016\/08\/co-683x1024.jpg 683w, https:\/\/www.tnttparis.fr\/wp-content\/uploads\/2016\/08\/co.jpg 854w\" sizes=\"(max-width: 200px) 100vw, 200px\" \/><\/a><\/p>\n","protected":false},"excerpt":{"rendered":"<p>M\u1ee5c \u00d0\u00edch \u00a0\u00d0\u00e0o luy\u1ec7n thanh thi\u1ebfu ni\u00ean tr\u1edf th\u00e0nh nh\u1eefng con ng\u01b0\u1eddi ki\u1ec7n to\u00e0n v\u00e0 nh\u1eefng Kit\u00f4 H\u1eefu ho\u00e0n h\u1ea3o \u00a0\u00d0o\u00e0n Ng\u0169 h\u00f3a v\u00e0 h\u01b0\u1edbng d\u1eabn thanh thi\u1ebfu ni\u00ean loan truy\u1ec1n Tin M\u1eebng Ch\u00faa Kit\u00f4 v\u00e0 g\u00f3p ph\u1ea7n x\u00e2y d\u1ef1ng x\u00e3 h\u1ed9i N\u1ec1n T\u1ea3ng L\u1eddi Ch\u00faa trong Th\u00e1nh Kinh v\u00e0 Gi\u00e1o Hu\u1ea5n c\u1ee7a Gi\u00e1o H\u1ed9i C\u00f4ng Gi\u00e1o L\u00fd T\u01b0\u1edfng Ch\u00faa Gi\u00easu Th\u00e1nh Th\u1ec3 T\u00f4n Ch\u1ec9 S\u1ed1ng L\u1eddi Ch\u00faa v\u00e0 k\u1ebft h\u1ee3p v\u1edbi Ch\u00faa Gi\u00easu Th\u00e1nh Th\u1ec3 Y\u00eau m\u1ebfn v\u00e0 t\u00f4n&#8230;<\/p>\n<p class=\"read-more\"><a class=\"btn btn-default\" href=\"https:\/\/www.tnttparis.fr\/vi\/\"> Read More<span class=\"screen-reader-text\">  Read More<\/span><\/a><\/p>\n","protected":false},"author":5,"featured_media":0,"parent":0,"menu_order":0,"comment_status":"closed","ping_status":"closed","template":"","meta":{"footnotes":""},"class_list":["post-1071","page","type-page","status-publish","hentry"],"translation":{"provider":"WPGlobus","version":"2.12.2","language":"vi","enabled_languages":["fr","vi"],"languages":{"fr":{"title":true,"content":true,"excerpt":false},"vi":{"title":false,"content":true,"excerpt":false}}},"_links":{"self":[{"href":"https:\/\/www.tnttparis.fr\/vi\/wp-json\/wp\/v2\/pages\/1071"}],"collection":[{"href":"https:\/\/www.tnttparis.fr\/vi\/wp-json\/wp\/v2\/pages"}],"about":[{"href":"https:\/\/www.tnttparis.fr\/vi\/wp-json\/wp\/v2\/types\/page"}],"author":[{"embeddable":true,"href":"https:\/\/www.tnttparis.fr\/vi\/wp-json\/wp\/v2\/users\/5"}],"replies":[{"embeddable":true,"href":"https:\/\/www.tnttparis.fr\/vi\/wp-json\/wp\/v2\/comments?post=1071"}],"version-history":[{"count":41,"href":"https:\/\/www.tnttparis.fr\/vi\/wp-json\/wp\/v2\/pages\/1071\/revisions"}],"predecessor-version":[{"id":4715,"href":"https:\/\/www.tnttparis.fr\/vi\/wp-json\/wp\/v2\/pages\/1071\/revisions\/4715"}],"wp:attachment":[{"href":"https:\/\/www.tnttparis.fr\/vi\/wp-json\/wp\/v2\/media?parent=1071"}],"curies":[{"name":"wp","href":"https:\/\/api.w.org\/{rel}","templated":true}]}}