{"id":1105,"date":"2016-08-05T19:37:26","date_gmt":"2016-08-05T17:37:26","guid":{"rendered":"https:\/\/www.tnttparis.fr\/?page_id=1105"},"modified":"2016-11-21T22:35:00","modified_gmt":"2016-11-21T21:35:00","slug":"phong-trao","status":"publish","type":"page","link":"https:\/\/www.tnttparis.fr\/vi\/phong-trao\/","title":{"rendered":"Phong Tr\u00e0o"},"content":{"rendered":"<p>https:\/\/www.tnttparis.fr\/phong-trao\/noi-quy\/<\/p>\n<blockquote class=\"wp-embedded-content\" data-secret=\"2dhZYuZzRz\"><p><a href=\"https:\/\/www.tnttparis.fr\/phong-trao\/danh-sach-huynh-truong\/\">Danh s\u00e1ch Huynh Tr\u01b0\u1edfng<\/a><\/p><\/blockquote>\n<p><iframe loading=\"lazy\" class=\"wp-embedded-content\" sandbox=\"allow-scripts\" security=\"restricted\" style=\"position: absolute; visibility: hidden;\" title=\"\u00ab\u00a0Danh s\u00e1ch Huynh Tr\u01b0\u1edfng\u00a0\u00bb &#8212; \u0110o\u00e0n Kit\u00f4 Vua Paris\" src=\"https:\/\/www.tnttparis.fr\/phong-trao\/danh-sach-huynh-truong\/embed\/#?secret=nVdoMudlOk#?secret=2dhZYuZzRz\" data-secret=\"2dhZYuZzRz\" width=\"600\" height=\"338\" frameborder=\"0\" marginwidth=\"0\" marginheight=\"0\" scrolling=\"no\"><\/iframe><\/p>\n","protected":false},"excerpt":{"rendered":"<p>https:\/\/www.tnttparis.fr\/phong-trao\/noi-quy\/ Danh s\u00e1ch Huynh Tr\u01b0\u1edfng<\/p>\n","protected":false},"author":5,"featured_media":0,"parent":0,"menu_order":0,"comment_status":"closed","ping_status":"closed","template":"","meta":{"footnotes":""},"class_list":["post-1105","page","type-page","status-publish","hentry"],"translation":{"provider":"WPGlobus","version":"2.12.2","language":"vi","enabled_languages":["fr","vi"],"languages":{"fr":{"title":true,"content":true,"excerpt":false},"vi":{"title":true,"content":true,"excerpt":false}}},"_links":{"self":[{"href":"https:\/\/www.tnttparis.fr\/vi\/wp-json\/wp\/v2\/pages\/1105"}],"collection":[{"href":"https:\/\/www.tnttparis.fr\/vi\/wp-json\/wp\/v2\/pages"}],"about":[{"href":"https:\/\/www.tnttparis.fr\/vi\/wp-json\/wp\/v2\/types\/page"}],"author":[{"embeddable":true,"href":"https:\/\/www.tnttparis.fr\/vi\/wp-json\/wp\/v2\/users\/5"}],"replies":[{"embeddable":true,"href":"https:\/\/www.tnttparis.fr\/vi\/wp-json\/wp\/v2\/comments?post=1105"}],"version-history":[{"count":3,"href":"https:\/\/www.tnttparis.fr\/vi\/wp-json\/wp\/v2\/pages\/1105\/revisions"}],"predecessor-version":[{"id":1471,"href":"https:\/\/www.tnttparis.fr\/vi\/wp-json\/wp\/v2\/pages\/1105\/revisions\/1471"}],"wp:attachment":[{"href":"https:\/\/www.tnttparis.fr\/vi\/wp-json\/wp\/v2\/media?parent=1105"}],"curies":[{"name":"wp","href":"https:\/\/api.w.org\/{rel}","templated":true}]}}