{"id":329,"date":"2014-09-28T14:37:13","date_gmt":"2014-09-28T12:37:13","guid":{"rendered":"https:\/\/www.tnttparis.fr\/?page_id=329"},"modified":"2025-11-03T23:54:56","modified_gmt":"2025-11-03T22:54:56","slug":"tai-lieu","status":"publish","type":"page","link":"https:\/\/www.tnttparis.fr\/vi\/tai-lieu\/","title":{"rendered":"T\u00e0i li\u1ec7u"},"content":{"rendered":"<blockquote class=\"wp-embedded-content\" data-secret=\"9Bs5GuD7wi\"><p><a href=\"https:\/\/www.tnttparis.fr\/fr\/tai-lieu\/viet-ngu\/\">Gi\u00e1o Khoa Vi\u1ec7t Ng\u1eef<\/a><\/p><\/blockquote>\n<p><iframe loading=\"lazy\" class=\"wp-embedded-content\" sandbox=\"allow-scripts\" security=\"restricted\" style=\"position: absolute; visibility: hidden;\" title=\"\u00ab\u00a0Gi\u00e1o Khoa Vi\u1ec7t Ng\u1eef\u00a0\u00bb &#8212; \u0110o\u00e0n Kit\u00f4 Vua Paris\" src=\"https:\/\/www.tnttparis.fr\/fr\/tai-lieu\/viet-ngu\/embed\/#?secret=H7MtTmYKdN#?secret=9Bs5GuD7wi\" data-secret=\"9Bs5GuD7wi\" width=\"600\" height=\"338\" frameborder=\"0\" marginwidth=\"0\" marginheight=\"0\" scrolling=\"no\"><\/iframe><\/p>\n<blockquote class=\"wp-embedded-content\" data-secret=\"gXpZcIFbry\"><p><a href=\"https:\/\/www.tnttparis.fr\/tai-lieu\/10-dieu-tam-niem-thieu-nhi\/\">10 \u0110i\u1ec1u T\u00e2m Ni\u1ec7m Thi\u1ebfu Nhi<\/a><\/p><\/blockquote>\n<p><iframe loading=\"lazy\" class=\"wp-embedded-content\" sandbox=\"allow-scripts\" security=\"restricted\" style=\"position: absolute; visibility: hidden;\" title=\"\u00ab\u00a010 \u0110i\u1ec1u T\u00e2m Ni\u1ec7m Thi\u1ebfu Nhi\u00a0\u00bb &#8212; \u0110o\u00e0n Kit\u00f4 Vua Paris\" src=\"https:\/\/www.tnttparis.fr\/tai-lieu\/10-dieu-tam-niem-thieu-nhi\/embed\/#?secret=VqxEX5k1BP#?secret=gXpZcIFbry\" data-secret=\"gXpZcIFbry\" width=\"600\" height=\"338\" frameborder=\"0\" marginwidth=\"0\" marginheight=\"0\" scrolling=\"no\"><\/iframe><\/p>\n<blockquote class=\"wp-embedded-content\" data-secret=\"35JkZ2O6xb\"><p><a href=\"https:\/\/www.tnttparis.fr\/tai-lieu\/bai-hat\/\">Chants<\/a><\/p><\/blockquote>\n<p><iframe loading=\"lazy\" class=\"wp-embedded-content\" sandbox=\"allow-scripts\" security=\"restricted\" style=\"position: absolute; visibility: hidden;\" title=\"\u00ab\u00a0Chants\u00a0\u00bb &#8212; \u0110o\u00e0n Kit\u00f4 Vua Paris\" src=\"https:\/\/www.tnttparis.fr\/tai-lieu\/bai-hat\/embed\/#?secret=8WFkxj9UsC#?secret=35JkZ2O6xb\" data-secret=\"35JkZ2O6xb\" width=\"600\" height=\"338\" frameborder=\"0\" marginwidth=\"0\" marginheight=\"0\" scrolling=\"no\"><\/iframe><\/p>\n<blockquote class=\"wp-embedded-content\" data-secret=\"r4ueE3CSSl\"><p><a href=\"https:\/\/www.tnttparis.fr\/tai-lieu\/morse\/\">Morse<\/a><\/p><\/blockquote>\n<p><iframe loading=\"lazy\" class=\"wp-embedded-content\" sandbox=\"allow-scripts\" security=\"restricted\" style=\"position: absolute; visibility: hidden;\" title=\"\u00ab\u00a0Morse\u00a0\u00bb &#8212; \u0110o\u00e0n Kit\u00f4 Vua Paris\" src=\"https:\/\/www.tnttparis.fr\/tai-lieu\/morse\/embed\/#?secret=MahT5kFBJy#?secret=r4ueE3CSSl\" data-secret=\"r4ueE3CSSl\" width=\"600\" height=\"338\" frameborder=\"0\" marginwidth=\"0\" marginheight=\"0\" scrolling=\"no\"><\/iframe><\/p>\n<blockquote class=\"wp-embedded-content\" data-secret=\"81fEUvXEyH\"><p><a href=\"https:\/\/www.tnttparis.fr\/tai-lieu\/semaphore\/\">S\u00e9maphore<\/a><\/p><\/blockquote>\n<p><iframe loading=\"lazy\" class=\"wp-embedded-content\" sandbox=\"allow-scripts\" security=\"restricted\" style=\"position: absolute; visibility: hidden;\" title=\"\u00ab\u00a0S\u00e9maphore\u00a0\u00bb &#8212; \u0110o\u00e0n Kit\u00f4 Vua Paris\" src=\"https:\/\/www.tnttparis.fr\/tai-lieu\/semaphore\/embed\/#?secret=EnBTDyJ6zq#?secret=81fEUvXEyH\" data-secret=\"81fEUvXEyH\" width=\"600\" height=\"338\" frameborder=\"0\" marginwidth=\"0\" marginheight=\"0\" scrolling=\"no\"><\/iframe><\/p>\n","protected":false},"excerpt":{"rendered":"<p>Gi\u00e1o Khoa Vi\u1ec7t Ng\u1eef 10 \u0110i\u1ec1u T\u00e2m Ni\u1ec7m Thi\u1ebfu Nhi Chants Morse S\u00e9maphore<\/p>\n","protected":false},"author":1,"featured_media":0,"parent":0,"menu_order":0,"comment_status":"closed","ping_status":"open","template":"","meta":{"footnotes":""},"class_list":["post-329","page","type-page","status-publish","hentry"],"translation":{"provider":"WPGlobus","version":"2.12.2","language":"vi","enabled_languages":["fr","vi"],"languages":{"fr":{"title":true,"content":true,"excerpt":false},"vi":{"title":true,"content":true,"excerpt":false}}},"_links":{"self":[{"href":"https:\/\/www.tnttparis.fr\/vi\/wp-json\/wp\/v2\/pages\/329"}],"collection":[{"href":"https:\/\/www.tnttparis.fr\/vi\/wp-json\/wp\/v2\/pages"}],"about":[{"href":"https:\/\/www.tnttparis.fr\/vi\/wp-json\/wp\/v2\/types\/page"}],"author":[{"embeddable":true,"href":"https:\/\/www.tnttparis.fr\/vi\/wp-json\/wp\/v2\/users\/1"}],"replies":[{"embeddable":true,"href":"https:\/\/www.tnttparis.fr\/vi\/wp-json\/wp\/v2\/comments?post=329"}],"version-history":[{"count":25,"href":"https:\/\/www.tnttparis.fr\/vi\/wp-json\/wp\/v2\/pages\/329\/revisions"}],"predecessor-version":[{"id":5529,"href":"https:\/\/www.tnttparis.fr\/vi\/wp-json\/wp\/v2\/pages\/329\/revisions\/5529"}],"wp:attachment":[{"href":"https:\/\/www.tnttparis.fr\/vi\/wp-json\/wp\/v2\/media?parent=329"}],"curies":[{"name":"wp","href":"https:\/\/api.w.org\/{rel}","templated":true}]}}