{"id":335,"date":"2014-09-28T14:43:57","date_gmt":"2014-09-28T12:43:57","guid":{"rendered":"https:\/\/www.tnttparis.fr\/?page_id=335"},"modified":"2023-10-15T19:05:29","modified_gmt":"2023-10-15T17:05:29","slug":"bai-ca-thieu-nhi","status":"publish","type":"page","link":"https:\/\/www.tnttparis.fr\/vi\/tai-lieu\/bai-hat\/bai-ca-thieu-nhi\/","title":{"rendered":"B\u00e0i Ca Ch\u00ednh th\u1ee9c"},"content":{"rendered":"<p><strong>Thi\u1ebfu Nhi T\u00e2n H\u00e0nh Ca<\/strong><\/p>\n<p>Thi\u1ebfu Nhi Vi\u1ec7t Nam \u0111\u1ee9ng l\u00ean trong giai \u0111o\u1ea1n m\u1edbi,<br \/>\ntheo ti\u1ebfng Gi\u00e1o H\u1ed9i v\u00e0 ti\u1ebfng qu\u00ea h\u01b0\u01a1ng k\u00eau m\u1eddi.<br \/>\n\u0110\u01b0\u1ee3c trang b\u1ecb d\u0169ng m\u1ea1nh b\u1eb1ng tinh th\u1ea7n m\u1edbi,<br \/>\ntu\u1ed5i tr\u1ebb Vi\u1ec7t Nam h\u0103ng h\u00e1i x\u00e2y th\u1ebf h\u1ec7 ng\u00e0y mai.<\/p>\n<p>C\u00f9ng \u0111i h\u1ee1i c\u00e1c Thi\u1ebfu Nhi, c\u00f9ng \u0111i v\u1edbi Ch\u00faa Kit\u00f4.<br \/>\nNgu\u1ed3n S\u1ed1ng Th\u00e1nh Th\u1ec3 chan h\u00f2a,<br \/>\nl\u00e0 l\u00fd t\u01b0\u1edfng c\u1ee7a ng\u01b0\u1eddi Thi\u1ebfu Nhi h\u00f4m nay!<\/p>\n<p>Thi\u1ebfu Nhi Vi\u1ec7t Nam quy\u1ebft t\u00e2m trong giai \u0111o\u1ea1n m\u1edbi,<br \/>\nth\u00e1nh h\u00f3a m\u00f4i tr\u01b0\u1eddng r\u00e8n nh\u1eefng kh\u1ea3 n\u0103ng phi th\u01b0\u1eddng.<br \/>\nB\u1eb1ng nguy\u1ec7n c\u1ea7u hy sinh v\u00e0 m\u1ed9t b\u1ea7u kh\u00ed m\u1edbi,<br \/>\ntu\u1ed5i tr\u1ebb Vi\u1ec7t Nam \u0111em Ch\u00faa cho gi\u1edbi tr\u1ebb m\u1ecdi n\u01a1i.<\/p>\n<h3 class=\"defaultColor-1EVLSt heading-xxl-extrabold-2-MUEs defaultColor-1GKx81 header-1PtsUu header-1dhDWV\" aria-hidden=\"true\" data-text-variant=\"heading-xxl\/extrabold\"><\/h3>\n<p><strong>\u1ea4u Nhi Ca<\/strong><\/p>\n<p>\u0110o\u00e0n em nh\u01b0 nh\u1eefng m\u1ea7m m\u1ea1 non xanh t\u01b0\u01a1i,<br \/>\nlu\u00f4n vui c\u01b0\u1eddi lu\u00f4n ngoan ngo\u00e3n s\u1ed1ng \u0111\u1eddi \u1ea4u Nhi.<br \/>\nNguy\u1ec7n b\u1ec1n ch\u00ed theo g\u01b0\u01a1ng Ch\u00faa Gi\u00ea-Su tu\u1ed5i th\u01a1,<br \/>\nd\u01b0\u1edbi b\u00f3ng c\u1edd, em mang Ch\u00faa cho tu\u1ed5i \u1ea4u th\u01a1.<\/p>\n<p><strong>Thi\u1ebfu Nhi Ca<\/strong><\/p>\n<p>Em Thi\u1ebfu Nhi \u01a1i, nh\u01b0 ng\u00e0n tia s\u00e1ng huy ho\u00e0ng,<br \/>\nv\u00e0o bu\u1ed5i r\u1ea1ng \u0111\u00f4ng \u0111\u1ebfn mang ngu\u1ed3n h\u01a1i \u1ea5m.<br \/>\nEm Thi\u1ebfu Nhi \u01a1i, em \u0111\u1eb9p nh\u01b0 hoa h\u01b0\u1edbng d\u01b0\u01a1ng,<br \/>\nt\u01b0\u01a1i d\u1ecbu nh\u01b0 h\u01a1i gi\u00f3 xu\u00e2n, \u0111em y\u00ean vui \u0111\u1ebfn mu\u00f4n ng\u01b0\u1eddi.<\/p>\n<p>Em Thi\u1ebfu Nhi \u01a1i, m\u1eaft nh\u00ecn em v\u00ed sao tr\u1eddi,<br \/>\nn\u1ee5 c\u01b0\u1eddi tr\u00ean m\u00f4i x\u00f3a tan m\u00e0u u t\u1ed1i.<br \/>\nEm Thi\u1ebfu Nhi \u01a1i, em l\u00e0 chi\u1ebfn s\u0129 Ph\u00fac \u00c2m,<br \/>\ngian kh\u1ed5 nguy kh\u00f3 ch\u1edb nao, vui mang Ch\u00faa \u0111\u1ebfn cho ng\u01b0\u1eddi.<\/p>\n<p><strong>Ngh\u0129a S\u0129 Ca<\/strong><\/p>\n<p>Vui ca l\u00ean Ngh\u0129a s\u0129 \u0111\u1eddi \u0111\u1ea7y di\u1ec5m ph\u00fac.<br \/>\nH\u1ed3n thanh xu\u00e2n say ni\u1ec1m l\u00fd t\u01b0\u1edfng cao xa.<br \/>\nV\u00ec Ngh\u0129a ra \u0111i l\u00e0 \u0111i Chinh Ph\u1ee5c.<br \/>\n\u0110\u01b0\u1eddng xa b\u00f3ng Ch\u00faa \u0111ang ch\u1edd \u0111\u1ee3i ta.<\/p>\n<p>M\u1ed9t \u0111\u1eddi tr\u1ebb trung th\u00e0nh n\u1ed3ng h\u1eadu s\u1ee9c thi\u00eang.<br \/>\nH\u00f9ng d\u0169ng trung th\u00e0nh m\u1ed9t d\u1ea1 trung ki\u00ean.<br \/>\nT\u00ecnh b\u1eb1ng h\u1eefu, ch\u00e2n th\u00e0nh m\u1ed9t d\u1ea1 v\u1eefng ki\u00ean.<br \/>\nT\u00f4n qu\u00fd tr\u00e1ch nhi\u1ec7m s\u1ed1ng g\u01b0\u01a1ng hy sinh.<\/p>\n<p>Ngh\u0129a S\u0129 Vi\u1ec7t Nam s\u1eb5n s\u00e0ng h\u00f9ng tr\u00e1ng,<br \/>\ntrong s\u1ea1ch h\u0103ng h\u00e1i v\u00e0 quy\u1ebft ti\u1ebfn b\u01b0\u1edbc.<br \/>\nL\u1eeda th\u1ea7n nung n\u1ea5u t\u00e2m can kh\u00f4ng ng\u1eebng.<br \/>\nM\u1ea7m thi\u00eang ta gieo kh\u1eafp n\u01a1i xa g\u1ea7n.<\/p>\n<p>L\u00fd t\u01b0\u1edfng si\u00eau nhi\u00ean th\u00e0nh t\u00e2m y\u00eau m\u1ebfn.<br \/>\nDanh Cha c\u1ea3 s\u00e1ng, n\u01b0\u1edbc Cha tr\u1ecb \u0111\u1ebfn.<br \/>\nNoi g\u01b0\u01a1ng nhi\u1ec7t th\u00e0nh c\u1ee7a Th\u00e1nh Phaol\u00f4<br \/>\nX\u00f4ng pha l\u00ean \u0111\u01b0\u1eddng l\u00e0m ch\u1ee9ng Ph\u00fac \u00c2m.<\/p>\n<p><strong>Hi\u1ec7p H\u00e0nh Ca<\/strong><\/p>\n<p>D\u01b0\u1edbi b\u00f3ng c\u1edd n\u00eau g\u01b0\u01a1ng Ng\u01b0\u1eddi Hi\u1ec7p S\u0129 trung ki\u00ean.<br \/>\nV\u00ec y\u00eau Ch\u00faa ta nguy\u1ec7n D\u1ea5n Th\u00e2n.<br \/>\nMang \u0110\u1ee9c Tin chi\u1ebfu d\u1ecdi v\u00e0o \u0110\u00ecnh Tr\u1eddi.<br \/>\nMang m\u1ebfn y\u00eau th\u1eafm g\u1ed9i v\u00e0o l\u00f2ng ng\u01b0\u1eddi.<br \/>\nNg\u01b0\u1eddi Hi\u1ec7p S\u0129 s\u1ed1ng g\u01b0\u01a1ng anh h\u00e0o.<\/p>\n<p>L\u00e0 Hi\u1ec7p S\u0129 c\u1ed1 g\u1eafng chi\u1ebfn \u0111\u1ea5u, cho nh\u00e0 \u0110\u1ee9c Tin n\u00eau g\u01b0\u01a1ng cao trung,<br \/>\nta nguy\u00ean hi\u1ebfn th\u00e2n, cho Gi\u00e1o H\u1ed9i tr\u01b0\u1eddng sinh.<br \/>\nL\u00e0 Hi\u1ec7p S\u0129, c\u1ed1 g\u1eafng chi\u1ebfn \u0111\u1ea5u, \u0111em ngu\u00f4n \u1ee7i an \u0111i t\u00f4n non s\u00f4ng<br \/>\nc\u00f4ng b\u00ecnh kh\u1eafp n\u01a1i, cho N\u01b0\u1edbc Vi\u1ec7t tr\u01b0\u1eddng t\u00f4n.<\/p>\n<p>D\u01b0\u1edbi b\u00f3ng c\u1edd noi g\u01b0\u01a1ng M\u1eb9 Maria v\u00e0 c\u00e1c Th\u00e1nh T\u1eed \u0110\u1ea1o N\u01b0\u1edbc Nam.<br \/>\nCho gi\u00e1o d\u00e2n s\u1ed1ng \u0111\u1ea1o nhi\u1ec7t th\u00e0nh.<br \/>\nCho Qu\u1ed1c D\u00e2n th\u00e1i b\u00ecnh v\u00e0 th\u1ecbnh v\u01b0\u1ee3ng.<br \/>\nNg\u01b0\u1eddi Hi\u1ec7p S\u0129 x\u1ee9ng danh Anh H\u00f9ng.<\/p>\n<p><strong>Kinh \u0110\u1ed9i Tr\u01b0\u1edfng<\/strong><\/p>\n<p>Nguy\u1ec7n xin Gi\u00easu anh c\u1ea3 t\u1eeb nh\u00e2n,<br \/>\nng\u00e0y \u0111\u00eam ban xu\u1ed1ng mu\u00f4n \u01a1n ph\u00fac cho \u0111\u1ed9i c\u1ee7a con.<br \/>\nGi\u00fap cho \u0111o\u00e0n con n\u00ean nh\u1eefng T\u00f4ng \u0110\u1ed3 nhi\u1ec7t th\u00e0nh,<br \/>\nm\u1edf r\u1ed9ng n\u01b0\u1edbc Ch\u00faa c\u1ee9u r\u1ed7i c\u00e1c linh h\u1ed3n.<\/p>\n<p>\u0110\u1eddi con hy sinh nguy kh\u00f3 ch\u1eb3ng n\u1ec1.<br \/>\nB\u1ec1n t\u00e2m b\u00e1c \u00e1i y\u00eau Ch\u00faa y\u00eau ng\u01b0\u1eddi thi\u1ebft tha.<br \/>\nR\u01b0\u1edbc l\u1ec5 m\u1ed7i ng\u00e0y d\u00e2ng l\u00ean Cha t\u1ea5t c\u1ea3 cu\u1ed9c s\u1ed1ng.<br \/>\nX\u1ee9ng danh T\u00f4ng \u0110\u1ed3 c\u1ee7a Ch\u00faa Gi\u00easu.<\/p>\n<p><strong>Kinh Huynh Tr\u01b0\u1edfng<\/strong><\/p>\n<p>L\u1ea1y Ch\u00faa Gi\u00easu Huynh Tr\u01b0\u1edfng T\u1ed1i Cao,<br \/>\nxin d\u1ea1y con bi\u1ebft hy sinh cao th\u01b0\u1ee3ng,<br \/>\nph\u1ee5ng s\u1ef1 Ch\u00faa v\u00e0 gi\u00fap \u00edch m\u1ecdi ng\u01b0\u1eddi.<br \/>\nXin d\u1ea1y con bi\u1ebft hy sinh kh\u00f4ng c\u1ea7n b\u00e1o \u0111\u00e1p,<br \/>\nlu\u00f4n x\u00f4ng pha kh\u00f4ng ng\u1ea1i b\u00e3o t\u00e1p,<br \/>\n\u0111\u1eb9p \u00fd Cha tr\u00ean tr\u1eddi, trong t\u00ecnh th\u01b0\u01a1ng y\u00eau h\u1ebft m\u1ecdi ng\u01b0\u1eddi.<\/p>\n","protected":false},"excerpt":{"rendered":"<p>Thi\u1ebfu Nhi T\u00e2n H\u00e0nh Ca Thi\u1ebfu Nhi Vi\u1ec7t Nam \u0111\u1ee9ng l\u00ean trong giai \u0111o\u1ea1n m\u1edbi, theo ti\u1ebfng Gi\u00e1o H\u1ed9i v\u00e0 ti\u1ebfng qu\u00ea h\u01b0\u01a1ng k\u00eau m\u1eddi. \u0110\u01b0\u1ee3c trang b\u1ecb d\u0169ng m\u1ea1nh b\u1eb1ng tinh th\u1ea7n m\u1edbi, tu\u1ed5i tr\u1ebb Vi\u1ec7t Nam h\u0103ng h\u00e1i x\u00e2y th\u1ebf h\u1ec7 ng\u00e0y mai. C\u00f9ng \u0111i h\u1ee1i c\u00e1c Thi\u1ebfu Nhi, c\u00f9ng \u0111i v\u1edbi Ch\u00faa Kit\u00f4. Ngu\u1ed3n S\u1ed1ng Th\u00e1nh Th\u1ec3 chan h\u00f2a, l\u00e0 l\u00fd t\u01b0\u1edfng c\u1ee7a ng\u01b0\u1eddi Thi\u1ebfu Nhi h\u00f4m nay! Thi\u1ebfu Nhi Vi\u1ec7t Nam quy\u1ebft t\u00e2m trong giai \u0111o\u1ea1n&#8230;<\/p>\n<p class=\"read-more\"><a class=\"btn btn-default\" href=\"https:\/\/www.tnttparis.fr\/vi\/tai-lieu\/bai-hat\/bai-ca-thieu-nhi\/\"> Read More<span class=\"screen-reader-text\">  Read More<\/span><\/a><\/p>\n","protected":false},"author":1,"featured_media":0,"parent":331,"menu_order":0,"comment_status":"closed","ping_status":"open","template":"","meta":{"footnotes":""},"class_list":["post-335","page","type-page","status-publish","hentry"],"translation":{"provider":"WPGlobus","version":"2.12.2","language":"vi","enabled_languages":["fr","vi"],"languages":{"fr":{"title":true,"content":true,"excerpt":false},"vi":{"title":false,"content":false,"excerpt":false}}},"_links":{"self":[{"href":"https:\/\/www.tnttparis.fr\/vi\/wp-json\/wp\/v2\/pages\/335"}],"collection":[{"href":"https:\/\/www.tnttparis.fr\/vi\/wp-json\/wp\/v2\/pages"}],"about":[{"href":"https:\/\/www.tnttparis.fr\/vi\/wp-json\/wp\/v2\/types\/page"}],"author":[{"embeddable":true,"href":"https:\/\/www.tnttparis.fr\/vi\/wp-json\/wp\/v2\/users\/1"}],"replies":[{"embeddable":true,"href":"https:\/\/www.tnttparis.fr\/vi\/wp-json\/wp\/v2\/comments?post=335"}],"version-history":[{"count":10,"href":"https:\/\/www.tnttparis.fr\/vi\/wp-json\/wp\/v2\/pages\/335\/revisions"}],"predecessor-version":[{"id":5417,"href":"https:\/\/www.tnttparis.fr\/vi\/wp-json\/wp\/v2\/pages\/335\/revisions\/5417"}],"up":[{"embeddable":true,"href":"https:\/\/www.tnttparis.fr\/vi\/wp-json\/wp\/v2\/pages\/331"}],"wp:attachment":[{"href":"https:\/\/www.tnttparis.fr\/vi\/wp-json\/wp\/v2\/media?parent=335"}],"curies":[{"name":"wp","href":"https:\/\/api.w.org\/{rel}","templated":true}]}}