{"id":339,"date":"2014-09-28T14:47:37","date_gmt":"2014-09-28T12:47:37","guid":{"rendered":"https:\/\/www.tnttparis.fr\/?page_id=339"},"modified":"2014-10-24T01:26:26","modified_gmt":"2014-10-23T23:26:26","slug":"bai-ca-dem-lua-thieng","status":"publish","type":"page","link":"https:\/\/www.tnttparis.fr\/vi\/tai-lieu\/bai-hat\/bai-ca-dem-lua-thieng\/","title":{"rendered":"Ba\u0300i Ca \u0110\u00eam L\u01b0\u0309a Thi\u00eang"},"content":{"rendered":"<p><strong>G\u1ecdi L\u1eeda<\/strong><\/p>\n<p>L\u1ee7a Thi\u00eang \u01a1i h\u00e3y \u0111\u1ec1n b\u1eebng s\u00e1ng l\u00ean trong \u0111\u00eam \u00e2m u soi \u0111\u1eddi t\u0103m t\u1ed1i bao nhi\u00eau \u00e2u lo. L\u1eeda Thi\u00eang \u01a1i h\u00e3y\u00a0\u0111\u1ebfn b\u1eebng ch\u00e1y l\u00ean, mang cho \u0111\u1eddi ng\u00e0n \u00e1nh vinh quang vui h\u00e2n hoan.<\/p>\n<p><strong>Ch\u00e0o L\u1eeda<\/strong><\/p>\n<p>\u1ed0 \u00f4 \u00f4 \u1ed3, \u1ed1 \u00f4 \u00f4 \u1ed3.<\/p>\n<p>C\u1ea7m tay nhau quay v\u00f2ng b\u00ean l\u1eeda m\u1edbi. L\u1eeda b\u1ed1c ch\u00e1y t\u00e2m h\u1ed3n ta h\u0103ng h\u00e1i. \u0110\u00f3n \u00e1nh l\u1eeda thi\u00eang, \u0111\u00e2y \u0111o\u00e0n ta\u00a0chung l\u1eddi ca b\u00ean l\u1eeda b\u1eadp b\u00f9ng.<\/p>\n<p>B\u1eadp b\u1eadp b\u00f9ng l\u1eeda thi\u00eang reo vui, nh\u1ea1c tr\u1ea7m tr\u1ea7m h\u00f2a ca ch\u01a1i v\u01a1i, l\u1eeda r\u1ef1c s\u00e1ng chi\u1ebfu \u0111\u00eam \u00e2m u, anh em \u01a1i\u00a0ta c\u00f9ng nhau l\u00ean ti\u1ebfng ca r\u1eb1ng : (v\u1ed7 tay 3 c\u00e1i).<\/p>\n<p>L\u1eeda linh thi\u00eang soi m\u00e0ng \u0111\u00eam u t\u1ed1i. L\u1eeda ch\u00e1y s\u00e1ng \u1ea5m l\u00f2ng ai l\u1ea1nh l\u1ebdo. L\u1eeda thieenh mu\u00f4n \u0111\u1eddi, ta c\u00f9ng\u00a0vui \u0111em l\u1eeda thi\u00eang soi l\u00f2ng moik ng\u01b0\u1eddi. \u1ed0 \u00f4 \u00f4 \u1ed3, \u1ed1 \u00f4 \u00f4 \u1ed3.<\/p>\n<p><strong>Mang L\u1eeda v\u1ec1 tim<\/strong><\/p>\n<p>M\u00e0n \u0111\u00eam bu\u00f4ng r\u01a1i theo \u00e1nh l\u1eeda d\u1ea7n t\u00e0n. T\u00ecnh em ta theo \u00e1nh l\u1eeda tr\u00e0n lan. Tim ta \u0111\u00e2y c\u00f2n kh\u1eafc ghi bao nhi\u00eau m\u1ed1i t\u00ecnh m\u1eb7n n\u1ed3ng.<\/p>\n<p>L\u1eeda \u0111\u00eam nay tan nh\u01b0ng l\u1eeda thi\u00eang c\u00f2n ch\u00e1y \u00e2m th\u1ea7m ng\u00e0n \u0111\u1eddi. Bi\u1ec7t ly mu\u00f4n ph\u01b0\u01a1ng ta nguy\u1ec7n \u0111em L\u1eeda\u00a0Thi\u00eang r\u1ea3i r\u1eafc kh\u1eafp ch\u1ed1n. Mong mai sau ng\u1ecdn L\u1eeda Thi\u00eang ch\u00e1y l\u00ean \u0111\u1ed1t l\u00f2ng m\u1ecdi ng\u01b0\u1eddi.<\/p>\n","protected":false},"excerpt":{"rendered":"<p>G\u1ecdi L\u1eeda L\u1ee7a Thi\u00eang \u01a1i h\u00e3y \u0111\u1ec1n b\u1eebng s\u00e1ng l\u00ean trong \u0111\u00eam \u00e2m u soi \u0111\u1eddi t\u0103m t\u1ed1i bao nhi\u00eau \u00e2u lo. L\u1eeda Thi\u00eang \u01a1i h\u00e3y\u00a0\u0111\u1ebfn b\u1eebng ch\u00e1y l\u00ean, mang cho \u0111\u1eddi ng\u00e0n \u00e1nh vinh quang vui h\u00e2n hoan. Ch\u00e0o L\u1eeda \u1ed0 \u00f4 \u00f4 \u1ed3, \u1ed1 \u00f4 \u00f4 \u1ed3. C\u1ea7m tay nhau quay v\u00f2ng b\u00ean l\u1eeda m\u1edbi. L\u1eeda b\u1ed1c ch\u00e1y t\u00e2m h\u1ed3n ta h\u0103ng h\u00e1i. \u0110\u00f3n \u00e1nh l\u1eeda thi\u00eang, \u0111\u00e2y \u0111o\u00e0n ta\u00a0chung l\u1eddi ca b\u00ean l\u1eeda b\u1eadp b\u00f9ng. B\u1eadp b\u1eadp&#8230;<\/p>\n<p class=\"read-more\"><a class=\"btn btn-default\" href=\"https:\/\/www.tnttparis.fr\/vi\/tai-lieu\/bai-hat\/bai-ca-dem-lua-thieng\/\"> Read More<span class=\"screen-reader-text\">  Read More<\/span><\/a><\/p>\n","protected":false},"author":1,"featured_media":0,"parent":331,"menu_order":0,"comment_status":"closed","ping_status":"open","template":"","meta":{"footnotes":""},"class_list":["post-339","page","type-page","status-publish","hentry"],"translation":{"provider":"WPGlobus","version":"2.12.2","language":"vi","enabled_languages":["fr","vi"],"languages":{"fr":{"title":true,"content":true,"excerpt":false},"vi":{"title":false,"content":false,"excerpt":false}}},"_links":{"self":[{"href":"https:\/\/www.tnttparis.fr\/vi\/wp-json\/wp\/v2\/pages\/339"}],"collection":[{"href":"https:\/\/www.tnttparis.fr\/vi\/wp-json\/wp\/v2\/pages"}],"about":[{"href":"https:\/\/www.tnttparis.fr\/vi\/wp-json\/wp\/v2\/types\/page"}],"author":[{"embeddable":true,"href":"https:\/\/www.tnttparis.fr\/vi\/wp-json\/wp\/v2\/users\/1"}],"replies":[{"embeddable":true,"href":"https:\/\/www.tnttparis.fr\/vi\/wp-json\/wp\/v2\/comments?post=339"}],"version-history":[{"count":4,"href":"https:\/\/www.tnttparis.fr\/vi\/wp-json\/wp\/v2\/pages\/339\/revisions"}],"predecessor-version":[{"id":482,"href":"https:\/\/www.tnttparis.fr\/vi\/wp-json\/wp\/v2\/pages\/339\/revisions\/482"}],"up":[{"embeddable":true,"href":"https:\/\/www.tnttparis.fr\/vi\/wp-json\/wp\/v2\/pages\/331"}],"wp:attachment":[{"href":"https:\/\/www.tnttparis.fr\/vi\/wp-json\/wp\/v2\/media?parent=339"}],"curies":[{"name":"wp","href":"https:\/\/api.w.org\/{rel}","templated":true}]}}