{"id":4,"date":"2014-09-28T14:50:13","date_gmt":"2014-09-28T12:50:13","guid":{"rendered":"https:\/\/www.tnttparis.fr\/?page_id=4"},"modified":"2020-11-24T01:03:24","modified_gmt":"2020-11-24T00:03:24","slug":"10-dieu-tam-niem-thieu-nhi","status":"publish","type":"page","link":"https:\/\/www.tnttparis.fr\/vi\/tai-lieu\/10-dieu-tam-niem-thieu-nhi\/","title":{"rendered":"10 \u0110i\u1ec1u T\u00e2m Ni\u1ec7m Thi\u1ebfu Nhi"},"content":{"rendered":"<ol>\n<li>Thi\u1ebfu Nhi m\u1ed7i s\u00e1ng <strong>d\u00e2ng ng\u00e0y,<\/strong><br \/>\n\u0111i\u1ec3m t\u00f4 \u0111\u1eddi s\u1ed1ng h\u01b0\u01a1ng bay nguy\u1ec7n c\u1ea7u.<\/li>\n<li>Thi\u1ebfu Nhi Th\u00e1nh Th\u1ec3 nhi\u1ec7m m\u1ea7u,<br \/>\nt\u00f4n s\u00f9ng <strong>r\u01b0\u1edbc l\u1ec5<\/strong>, nh\u00e0 ch\u1ea7u vi\u1ebfng th\u0103m.<\/li>\n<li>Thi\u1ebfu Nhi Th\u00e1nh Gi\u00e1 Ch\u00faa n\u1eb1m,<br \/>\nnh\u00ecn l\u00ean ph\u1ea5n kh\u1edfi chuy\u00ean c\u1ea7n <strong>hy sinh<\/strong>.<\/li>\n<li>Thi\u1ebfu Nhi nh\u1edd M\u1eb9 \u0111inh ninh,<br \/>\nquy\u1ebft l\u00e0m <strong>g\u01b0\u01a1ng s\u00e1ng<\/strong> x\u1ee9ng danh t\u00f4ng \u0111\u1ed3.<\/li>\n<li>Thi\u1ebfu Nhi m\u1ecdi vi\u1ec7c nh\u1ecf to,<br \/>\ntinh th\u1ea7n <strong>v\u00e2ng ph\u1ee5c<\/strong> chuy\u00ean lo \u0111\u1eadm \u0111\u00e0.<\/li>\n<li>Thi\u1ebfu Nhi \u0111\u1eb1m th\u1eafm <strong>n\u1ebft na,<\/strong><br \/>\nn\u00f3i n\u0103ng h\u00e0nh \u0111\u1ed9ng n\u00f5n n\u00e0 tr\u1eafng trong.<\/li>\n<li>Thi\u1ebfu Nhi <strong>b\u00e1c \u00e1i<\/strong> m\u1ed9t l\u00f2ng,<br \/>\ntim lu\u00f4n qu\u1ea3ng \u0111\u1ea1i m\u1edbi mong gi\u00fap ng\u01b0\u1eddi.<\/li>\n<li>Thi\u1ebfu Nhi <strong>ngay th\u1eb3ng<\/strong> tr\u1ecdn \u0111\u1eddi,<br \/>\nn\u00f3i l\u00e0m \u0111\u00fang m\u1ef1c ng\u01b0\u1eddi ng\u01b0\u1eddi tin y\u00eau.<\/li>\n<li>Thi\u1ebfu Nhi d\u00f9 kh\u00f3 tr\u0103m chi\u1ec1u,<br \/>\nchu to\u00e0n <strong>b\u1ed5n ph\u1eadn<\/strong> m\u1ecdi \u0111i\u1ec1u ch\u0103m chuy\u00ean.<\/li>\n<li>Thi\u1ebfu Nhi th\u1ef1c hi\u1ec7n <strong>hoa thi\u00eang<\/strong>,<br \/>\nch\u00e9p ghi m\u1ed7i t\u1ed1i c\u1ed9ng bi\u00ean m\u1ed7i tu\u1ea7n.<\/li>\n<\/ol>\n","protected":false},"excerpt":{"rendered":"<p>Thi\u1ebfu Nhi m\u1ed7i s\u00e1ng d\u00e2ng ng\u00e0y, \u0111i\u1ec3m t\u00f4 \u0111\u1eddi s\u1ed1ng h\u01b0\u01a1ng bay nguy\u1ec7n c\u1ea7u. Thi\u1ebfu Nhi Th\u00e1nh Th\u1ec3 nhi\u1ec7m m\u1ea7u, t\u00f4n s\u00f9ng r\u01b0\u1edbc l\u1ec5, nh\u00e0 ch\u1ea7u vi\u1ebfng th\u0103m. Thi\u1ebfu Nhi Th\u00e1nh Gi\u00e1 Ch\u00faa n\u1eb1m, nh\u00ecn l\u00ean ph\u1ea5n kh\u1edfi chuy\u00ean c\u1ea7n hy sinh. Thi\u1ebfu Nhi nh\u1edd M\u1eb9 \u0111inh ninh, quy\u1ebft l\u00e0m g\u01b0\u01a1ng s\u00e1ng x\u1ee9ng danh t\u00f4ng \u0111\u1ed3. Thi\u1ebfu Nhi m\u1ecdi vi\u1ec7c nh\u1ecf to, tinh th\u1ea7n v\u00e2ng ph\u1ee5c chuy\u00ean lo \u0111\u1eadm \u0111\u00e0. Thi\u1ebfu Nhi \u0111\u1eb1m th\u1eafm n\u1ebft na, n\u00f3i n\u0103ng h\u00e0nh \u0111\u1ed9ng&#8230;<\/p>\n<p class=\"read-more\"><a class=\"btn btn-default\" href=\"https:\/\/www.tnttparis.fr\/vi\/tai-lieu\/10-dieu-tam-niem-thieu-nhi\/\"> Read More<span class=\"screen-reader-text\">  Read More<\/span><\/a><\/p>\n","protected":false},"author":1,"featured_media":0,"parent":329,"menu_order":0,"comment_status":"open","ping_status":"open","template":"","meta":{"footnotes":""},"class_list":["post-4","page","type-page","status-publish","hentry"],"translation":{"provider":"WPGlobus","version":"2.12.2","language":"vi","enabled_languages":["fr","vi"],"languages":{"fr":{"title":true,"content":true,"excerpt":false},"vi":{"title":false,"content":true,"excerpt":false}}},"_links":{"self":[{"href":"https:\/\/www.tnttparis.fr\/vi\/wp-json\/wp\/v2\/pages\/4"}],"collection":[{"href":"https:\/\/www.tnttparis.fr\/vi\/wp-json\/wp\/v2\/pages"}],"about":[{"href":"https:\/\/www.tnttparis.fr\/vi\/wp-json\/wp\/v2\/types\/page"}],"author":[{"embeddable":true,"href":"https:\/\/www.tnttparis.fr\/vi\/wp-json\/wp\/v2\/users\/1"}],"replies":[{"embeddable":true,"href":"https:\/\/www.tnttparis.fr\/vi\/wp-json\/wp\/v2\/comments?post=4"}],"version-history":[{"count":26,"href":"https:\/\/www.tnttparis.fr\/vi\/wp-json\/wp\/v2\/pages\/4\/revisions"}],"predecessor-version":[{"id":4671,"href":"https:\/\/www.tnttparis.fr\/vi\/wp-json\/wp\/v2\/pages\/4\/revisions\/4671"}],"up":[{"embeddable":true,"href":"https:\/\/www.tnttparis.fr\/vi\/wp-json\/wp\/v2\/pages\/329"}],"wp:attachment":[{"href":"https:\/\/www.tnttparis.fr\/vi\/wp-json\/wp\/v2\/media?parent=4"}],"curies":[{"name":"wp","href":"https:\/\/api.w.org\/{rel}","templated":true}]}}