{"id":454,"date":"2014-10-15T12:34:47","date_gmt":"2014-10-15T10:34:47","guid":{"rendered":"https:\/\/www.tnttparis.fr\/?page_id=454"},"modified":"2019-03-06T09:52:50","modified_gmt":"2019-03-06T08:52:50","slug":"morse","status":"publish","type":"page","link":"https:\/\/www.tnttparis.fr\/vi\/tai-lieu\/morse\/","title":{"rendered":"Morse"},"content":{"rendered":"<h4>M\u1eabu t\u1ef1 Morse<\/h4>\n<p><a href=\"https:\/\/www.tnttparis.fr\/wp-content\/uploads\/2014\/10\/International_Morse_Code-fr.png\"><img loading=\"lazy\" decoding=\"async\" class=\"aligncenter size-full wp-image-655\" src=\"https:\/\/www.tnttparis.fr\/wp-content\/uploads\/2014\/10\/International_Morse_Code-fr.png\" alt=\"International_Morse_Code-fr\" width=\"758\" height=\"712\" srcset=\"https:\/\/www.tnttparis.fr\/wp-content\/uploads\/2014\/10\/International_Morse_Code-fr.png 758w, https:\/\/www.tnttparis.fr\/wp-content\/uploads\/2014\/10\/International_Morse_Code-fr-300x282.png 300w\" sizes=\"(max-width: 758px) 100vw, 758px\" \/><\/a><\/p>\n<h4>Th\u00e1p Morse<\/h4>\n<h4><a href=\"https:\/\/www.tnttparis.fr\/wp-content\/uploads\/2013\/08\/Thap-Morse.jpg\"><img loading=\"lazy\" decoding=\"async\" class=\"aligncenter size-full wp-image-62\" src=\"https:\/\/www.tnttparis.fr\/wp-content\/uploads\/2013\/08\/Thap-Morse.jpg\" alt=\"Thap Morse\" width=\"478\" height=\"318\" srcset=\"https:\/\/www.tnttparis.fr\/wp-content\/uploads\/2013\/08\/Thap-Morse.jpg 478w, https:\/\/www.tnttparis.fr\/wp-content\/uploads\/2013\/08\/Thap-Morse-300x199.jpg 300w\" sizes=\"(max-width: 478px) 100vw, 478px\" \/><\/a><\/h4>\n<h4>D\u1ea5u ti\u1ebfng vi\u1ec7t<\/h4>\n<p>\u00c2 = AA<br \/>\n\u0102 = AW<br \/>\n\u00d4 = OO<br \/>\n\u00ca = EE<br \/>\n\u0110 = DD<br \/>\n\u01af\u01a0= UOW<br \/>\n\u01af = UW<br \/>\n\u01a0 = OW<\/p>\n<p>S\u1eafc = S<br \/>\nHuy\u1ec1n = Q<br \/>\nH\u1ecfi = Z<br \/>\nNg\u00e3 = X<br \/>\nN\u1eb7ng = J<\/p>\n","protected":false},"excerpt":{"rendered":"<p>M\u1eabu t\u1ef1 Morse Th\u00e1p Morse D\u1ea5u ti\u1ebfng vi\u1ec7t \u00c2 = AA \u0102 = AW \u00d4 = OO \u00ca = EE \u0110 = DD \u01af\u01a0= UOW \u01af = UW \u01a0 = OW S\u1eafc = S Huy\u1ec1n = Q H\u1ecfi = Z Ng\u00e3 = X N\u1eb7ng = J<\/p>\n","protected":false},"author":1,"featured_media":0,"parent":329,"menu_order":0,"comment_status":"closed","ping_status":"open","template":"","meta":{"footnotes":""},"class_list":["post-454","page","type-page","status-publish","hentry"],"translation":{"provider":"WPGlobus","version":"2.12.2","language":"vi","enabled_languages":["fr","vi"],"languages":{"fr":{"title":true,"content":true,"excerpt":false},"vi":{"title":false,"content":false,"excerpt":false}}},"_links":{"self":[{"href":"https:\/\/www.tnttparis.fr\/vi\/wp-json\/wp\/v2\/pages\/454"}],"collection":[{"href":"https:\/\/www.tnttparis.fr\/vi\/wp-json\/wp\/v2\/pages"}],"about":[{"href":"https:\/\/www.tnttparis.fr\/vi\/wp-json\/wp\/v2\/types\/page"}],"author":[{"embeddable":true,"href":"https:\/\/www.tnttparis.fr\/vi\/wp-json\/wp\/v2\/users\/1"}],"replies":[{"embeddable":true,"href":"https:\/\/www.tnttparis.fr\/vi\/wp-json\/wp\/v2\/comments?post=454"}],"version-history":[{"count":26,"href":"https:\/\/www.tnttparis.fr\/vi\/wp-json\/wp\/v2\/pages\/454\/revisions"}],"predecessor-version":[{"id":2416,"href":"https:\/\/www.tnttparis.fr\/vi\/wp-json\/wp\/v2\/pages\/454\/revisions\/2416"}],"up":[{"embeddable":true,"href":"https:\/\/www.tnttparis.fr\/vi\/wp-json\/wp\/v2\/pages\/329"}],"wp:attachment":[{"href":"https:\/\/www.tnttparis.fr\/vi\/wp-json\/wp\/v2\/media?parent=454"}],"curies":[{"name":"wp","href":"https:\/\/api.w.org\/{rel}","templated":true}]}}