{"id":95,"date":"2013-09-13T11:24:39","date_gmt":"2013-09-13T09:24:39","guid":{"rendered":"https:\/\/www.tnttparis.fr\/?page_id=95"},"modified":"2020-11-03T14:02:06","modified_gmt":"2020-11-03T13:02:06","slug":"noi-quy","status":"publish","type":"page","link":"https:\/\/www.tnttparis.fr\/vi\/phong-trao\/noi-quy\/","title":{"rendered":"N\u1ed9i Quy Sinh Ho\u1ea1t"},"content":{"rendered":"<p style=\"text-align: left;\"><span style=\"color: #3366ff;\"><a style=\"color: #3366ff;\" href=\"https:\/\/www.tnttparis.fr\/fr\/noi-quy\/\">[Lire en fran\u00e7ais]<\/a><\/span><\/p>\n<h5 style=\"text-align: center;\"><strong>N\u1ed8I QUY SINH HO\u1ea0T C\u1ee6A TNTT \u0110O\u00c0N KIT\u00d4 VUA \u2013 PARIS<\/strong><\/h5>\n<p style=\"text-align: justify;\"><strong>\u0110i\u1ec1u 1<\/strong> : \u0110o\u00e0n Kit\u00f4 Vua \u0111\u00f3n ti\u1ebfp c\u00e1c em \u0111\u1ebfn sinh ho\u1ea1t v\u1edbi \u0110o\u00e0n v\u00e0o m\u1ed7i chi\u1ec1u th\u1ee9 b\u1ea3y t\u1eeb 15 gi\u1edd \u0111\u1ebfn 19 gi\u1edd 15. Ch\u01b0\u01a1ng tr\u00ecnh sinh ho\u1ea1t bao g\u1ed3m 1 gi\u1edd Vi\u1ec7t Ng\u1eef, 1 gi\u1edd sinh ho\u1ea1t v\u00e0 h\u1ecdc t\u1eadp theo ch\u01b0\u01a1ng tr\u00ecnh Th\u0103ng Ti\u1ebfn \u0110o\u00e0n Sinh c\u1ee7a Phong Tr\u00e0o TNTT VN, 1 gi\u1edd Gi\u00e1o l\u00fd v\u00e0 cu\u1ed1i c\u00f9ng l\u00e0 Th\u00e1nh L\u1ec5.<\/p>\n<p style=\"text-align: justify;\">C\u00e1c em \u0111\u00e3 \u0111\u0103ng k\u00fd sinh ho\u1ea1t ph\u1ea3i c\u00f3 m\u1eb7t \u0111\u1ec1u \u0111\u1eb7n. Trong tr\u01b0\u1eddng h\u1ee3p v\u1eafng m\u1eb7t, xin qu\u00fd ph\u1ee5 huynh vui l\u00f2ng b\u00e1o cho Ng\u00e0nh Tr\u01b0\u1edfng c\u1ee7a c\u00e1c em bi\u1ebft tr\u01b0\u1edbc.<\/p>\n<p style=\"text-align: justify;\">\u0110o\u00e0n Kit\u00f4 Vua ch\u1ec9 ch\u1ecbu tr\u00e1ch nhi\u1ec7m tr\u00ean nh\u1eefng em c\u00f3 m\u1eb7t v\u00e0o nh\u1eefng gi\u1edd sinh ho\u1ea1t c\u1ee7a \u0110o\u00e0n, trong khu\u00f4n vi\u00ean c\u1ee7a Gi\u00e1o X\u1ee9 Vi\u1ec7t Nam Paris.<\/p>\n<p style=\"text-align: justify;\">C\u00e1c bu\u1ed5i xu\u1ea5t du ho\u1eb7c Sa m\u1ea1c \u0111\u1ec1u c\u00f3 th\u01b0 xin ph\u00e9p c\u1ee7a \u0110o\u00e0n. \u0110o\u00e0n kh\u00f4ng ch\u1ecbu tr\u00e1ch nhi\u1ec7m tr\u00ean nh\u1eefng xu\u1ea5t du kh\u00f4ng c\u00f3 gi\u1ea5y m\u1eddi c\u1ee7a \u0110o\u00e0n v\u00e0 gi\u1ea5y ph\u00e9p k\u00fd t\u00ean c\u1ee7a ph\u1ee5 huynh.<\/p>\n<p style=\"text-align: justify;\"><strong>\u0110i\u1ec1u 2<\/strong> : Khi \u0111\u1ebfn sinh ho\u1ea1t v\u1edbi \u0110o\u00e0n v\u00e0o m\u1ed7i chi\u1ec1u th\u1ee9 b\u1ea3y, trong c\u00e1c bu\u1ed5i xu\u1ea5t du ho\u1eb7c Sa M\u1ea1c, c\u00e1c em b\u1eaft bu\u1ed9c ph\u1ea3i m\u1eb7c \u0111\u1ed3ng ph\u1ee5c ch\u1ec9nh t\u1ec1. \u0110\u1ed3ng ph\u1ee5c Phong Tr\u00e0o Thi\u1ebfu Nhi Th\u00e1nh Th\u1ec3 g\u1ed3m c\u00f3 : kh\u0103n qu\u00e0ng, \u00e1o \u0111\u1ed3ng ph\u1ee5c mang huy hi\u1ec7u c\u1ee7a \u0110o\u00e0n, qu\u1ea7n ho\u1eb7c v\u00e1y m\u00e0u \u0111en ho\u1eb7c xanh \u0111\u1eadm, v\u00e0 \u00e1o polaire c\u1ee7a \u0110o\u00e0n khi tr\u1eddi l\u1ea1nh.<\/p>\n<ul style=\"text-align: justify;\">\n<li>C\u00e1c em 3 &#8211; 5 tu\u1ed5i thu\u1ed9c ng\u00e0nh Chi\u00ean Con \u0111eo kh\u0103n qu\u00e0ng m\u00e0u H<span style=\"font-size: inherit;\">\u1ed3ng<\/span><\/li>\n<li>C\u00e1c em 6 &#8211; 8 tu\u1ed5i thu\u1ed9c ng\u00e0nh \u1ea4u Nhi \u0111eo kh\u0103n qu\u00e0ng m\u00e0u Xanh L\u00e1 M\u1ea1<\/li>\n<li>C\u00e1c em 9 &#8211; 12 tu\u1ed5i thu\u1ed9c ng\u00e0nh Thi\u1ebfu Nhi \u0111eo kh\u0103n qu\u00e0ng m\u00e0u Xanh D\u01b0\u01a1ng<\/li>\n<li>C\u00e1c em 13 &#8211; 15 tu\u1ed5i thu\u1ed9c ng\u00e0nh Ngh\u0129a S\u0129 \u0111eo kh\u0103n qu\u00e0ng m\u00e0u V\u00e0ng<\/li>\n<li>C\u00e1c em 16 &#8211; 18 tu\u1ed5i thu\u1ed9c ng\u00e0nh Hi\u1ec7p S\u0129 \u0111eo kh\u0103n qu\u00e0ng m\u00e0u N\u00e2u<\/li>\n<\/ul>\n<p style=\"text-align: justify;\"><strong>\u0110i\u1ec1u 3<\/strong> : Trong gi\u1edd Th\u00e1nh L\u1ec5 c\u1ee7a \u0110o\u00e0n, c\u00e1c em ph\u1ea3i ng\u1ed3i theo ch\u1ed7 \u0111\u00e3 \u0111\u01b0\u1ee3c d\u00e0nh ri\u00eang cho c\u00e1c Ng\u00e0nh. Nh\u1eefng em kh\u00f4ng sinh ho\u1ea1t trong \u0110o\u00e0n ho\u1eb7c ch\u1ec9 \u0111\u1ebfn tham d\u1ef1 Th\u00e1nh L\u1ec5 s\u1ebd ng\u1ed3i chung v\u1edbi c\u00e1c ph\u1ee5 huynh.<\/p>\n<p>\u00a0<\/p>\n","protected":false},"excerpt":{"rendered":"<p>[Lire en fran\u00e7ais] N\u1ed8I QUY SINH HO\u1ea0T C\u1ee6A TNTT \u0110O\u00c0N KIT\u00d4 VUA \u2013 PARIS \u0110i\u1ec1u 1 : \u0110o\u00e0n Kit\u00f4 Vua \u0111\u00f3n ti\u1ebfp c\u00e1c em \u0111\u1ebfn sinh ho\u1ea1t v\u1edbi \u0110o\u00e0n v\u00e0o m\u1ed7i chi\u1ec1u th\u1ee9 b\u1ea3y t\u1eeb 15 gi\u1edd \u0111\u1ebfn 19 gi\u1edd 15. Ch\u01b0\u01a1ng tr\u00ecnh sinh ho\u1ea1t bao g\u1ed3m 1 gi\u1edd Vi\u1ec7t Ng\u1eef, 1 gi\u1edd sinh ho\u1ea1t v\u00e0 h\u1ecdc t\u1eadp theo ch\u01b0\u01a1ng tr\u00ecnh Th\u0103ng Ti\u1ebfn \u0110o\u00e0n Sinh c\u1ee7a Phong Tr\u00e0o TNTT VN, 1 gi\u1edd Gi\u00e1o l\u00fd v\u00e0 cu\u1ed1i c\u00f9ng l\u00e0 Th\u00e1nh L\u1ec5&#8230;.<\/p>\n<p class=\"read-more\"><a class=\"btn btn-default\" href=\"https:\/\/www.tnttparis.fr\/vi\/phong-trao\/noi-quy\/\"> Read More<span class=\"screen-reader-text\">  Read More<\/span><\/a><\/p>\n","protected":false},"author":1,"featured_media":0,"parent":1105,"menu_order":0,"comment_status":"closed","ping_status":"closed","template":"","meta":{"footnotes":""},"class_list":["post-95","page","type-page","status-publish","hentry"],"translation":{"provider":"WPGlobus","version":"2.12.2","language":"vi","enabled_languages":["fr","vi"],"languages":{"fr":{"title":true,"content":true,"excerpt":false},"vi":{"title":true,"content":true,"excerpt":false}}},"_links":{"self":[{"href":"https:\/\/www.tnttparis.fr\/vi\/wp-json\/wp\/v2\/pages\/95"}],"collection":[{"href":"https:\/\/www.tnttparis.fr\/vi\/wp-json\/wp\/v2\/pages"}],"about":[{"href":"https:\/\/www.tnttparis.fr\/vi\/wp-json\/wp\/v2\/types\/page"}],"author":[{"embeddable":true,"href":"https:\/\/www.tnttparis.fr\/vi\/wp-json\/wp\/v2\/users\/1"}],"replies":[{"embeddable":true,"href":"https:\/\/www.tnttparis.fr\/vi\/wp-json\/wp\/v2\/comments?post=95"}],"version-history":[{"count":13,"href":"https:\/\/www.tnttparis.fr\/vi\/wp-json\/wp\/v2\/pages\/95\/revisions"}],"predecessor-version":[{"id":4624,"href":"https:\/\/www.tnttparis.fr\/vi\/wp-json\/wp\/v2\/pages\/95\/revisions\/4624"}],"up":[{"embeddable":true,"href":"https:\/\/www.tnttparis.fr\/vi\/wp-json\/wp\/v2\/pages\/1105"}],"wp:attachment":[{"href":"https:\/\/www.tnttparis.fr\/vi\/wp-json\/wp\/v2\/media?parent=95"}],"curies":[{"name":"wp","href":"https:\/\/api.w.org\/{rel}","templated":true}]}}